{"id":8625,"date":"2022-01-14T12:30:14","date_gmt":"2022-01-14T10:30:14","guid":{"rendered":"https:\/\/proterm.md\/?post_type=product&#038;p=8625"},"modified":"2025-05-30T14:07:37","modified_gmt":"2025-05-30T12:07:37","slug":"kit-amestec-podea-calda-fiv-2","status":"publish","type":"product","link":"https:\/\/proterm.md\/ro\/product\/kit-amestec-podea-calda-fiv-2\/","title":{"rendered":"Kit amestec podea calda UFH\/FIV"},"content":{"rendered":"<p>Sistem complex de amestec a agentului termic necesar incalzirii in pardoseala.<br \/>\nDisponibil cu reglaj fix prin cap termostat cu sonda: reglaj 20 &#8211; 60 \u00b0C.<\/p>","protected":false},"excerpt":{"rendered":"<p>Purt\u0103tor de c\u0103ldur\u0103 &#8211; ap\u0103 sau amestecuri ap\u0103-glicol<br \/>\nPresiune static\u0103 maxim\u0103 de lucru &#8211; 10 bar<br \/>\nTemperatura maxim\u0103 a circuitului primar &#8211; 80 \u00b0C<br \/>\nIntervalul termometrului &#8211; 0\u201380 \u00b0C<br \/>\nDomeniul de reglare al capului termic cu senzor de imersie de la distan\u021b\u0103 &#8211; 20\u201360 \u00b0C<br \/>\nMaterial (carcasa superioar\u0103 \u0219i inferioar\u0103) &#8211; alam\u0103 CW617N placat\u0103 cu nichel<br \/>\nDiametrul de conectare al conexiunii la colector &#8211; 1&#8243;<br \/>\nDiametrul de conectare al pompei de circula\u021bie<br \/>\n1 1\/2&#8243;<br \/>\nTermostat +<br \/>\nFilet de conectare al capului termic cu un senzor de imersie extern &#8211; M30x1,5 mm<br \/>\nTara de productie &#8211; China<br \/>\nImportator &#8211; ProTerm Grup, Chisinau, str. Nadezhda Russo, 2\/4, MD2024<\/p>\n","protected":false},"featured_media":8626,"template":"","meta":{"_joinchat":[]},"product_brand":[],"product_cat":[687],"product_tag":[411],"class_list":{"0":"post-8625","1":"product","2":"type-product","3":"status-publish","4":"has-post-thumbnail","6":"product_cat-grup-amestec","7":"product_tag-fiv","8":"pa_diametru-510","9":"pa_diametru-1x1-2","10":"pa_heating-type-for-underfloor-heating","12":"first","13":"instock","14":"shipping-taxable","15":"product-type-simple"},"_links":{"self":[{"href":"https:\/\/proterm.md\/ro\/wp-json\/wp\/v2\/product\/8625","targetHints":{"allow":["GET"]}}],"collection":[{"href":"https:\/\/proterm.md\/ro\/wp-json\/wp\/v2\/product"}],"about":[{"href":"https:\/\/proterm.md\/ro\/wp-json\/wp\/v2\/types\/product"}],"wp:featuredmedia":[{"embeddable":true,"href":"https:\/\/proterm.md\/ro\/wp-json\/wp\/v2\/media\/8626"}],"wp:attachment":[{"href":"https:\/\/proterm.md\/ro\/wp-json\/wp\/v2\/media?parent=8625"}],"wp:term":[{"taxonomy":"product_brand","embeddable":true,"href":"https:\/\/proterm.md\/ro\/wp-json\/wp\/v2\/product_brand?post=8625"},{"taxonomy":"product_cat","embeddable":true,"href":"https:\/\/proterm.md\/ro\/wp-json\/wp\/v2\/product_cat?post=8625"},{"taxonomy":"product_tag","embeddable":true,"href":"https:\/\/proterm.md\/ro\/wp-json\/wp\/v2\/product_tag?post=8625"}],"curies":[{"name":"wp","href":"https:\/\/api.w.org\/{rel}","templated":true}]}}