{"id":8704,"date":"2022-01-17T12:26:44","date_gmt":"2022-01-17T10:26:44","guid":{"rendered":"https:\/\/proterm.md\/?post_type=product&#038;p=8704"},"modified":"2025-05-30T14:06:47","modified_gmt":"2025-05-30T12:06:47","slug":"furtun-apa-1-2x3-8-f-50cm","status":"publish","type":"product","link":"https:\/\/proterm.md\/ro\/product\/furtun-apa-1-2x3-8-f-50cm\/","title":{"rendered":"Furtun apa 1\/2&#8243;x3\/8&#8243; F, 50cm"},"content":{"rendered":"<p>Furtun flexibil \u00eentr-o \u00eempletitur\u0103 metalic\u0103 &#8211; un furtun din cauciuc netoxic, \u00eempletit cu fir de o\u021bel inoxidabil, care serve\u0219te la protejarea produsului de \u0219ocuri hidraulice \u0219i \u00eei ofera rezisten\u021b\u0103 mecanic\u0103 sporit\u0103.<\/p>","protected":false},"excerpt":{"rendered":"<p>Lungime &#8211; 500 mm<br \/>\nFurtun de ap\u0103 &#8211; 1\/2&#8243;F x 3\/8&#8243;F.<br \/>\nProducator \u2013 Compania Mateu FIL-NOX<br \/>\n\u021aara de origine &#8211; Spania<br \/>\nFurtun interior din EPDM \u0219i polimer<br \/>\nMaterial: impletitura din otel inoxidabil<br \/>\nImpletitura: otel inoxidabil AISI 304<br \/>\nTip racordare, filet: mam\u0103-mam\u0103<br \/>\nDurat\u0103 de via\u021b\u0103 &#8211; 10 ani<br \/>\nPermeabilitate: 86 l\/min la 0,3 MPa<br \/>\nPresiune de lucru: 0 p\u00e2n\u0103 la 10 bar<br \/>\nTemperatura de func\u021bionare: -5\u00baC p\u00e2n\u0103 la 70\u00baC<br \/>\nMediu de lucru: ap\u0103 potabil\u0103<\/p>\n","protected":false},"featured_media":8705,"template":"","meta":{"_joinchat":[]},"product_brand":[],"product_cat":[691],"product_tag":[],"class_list":{"0":"post-8704","1":"product","2":"type-product","3":"status-publish","4":"has-post-thumbnail","6":"product_cat-sifoane-furtune-flexibile","7":"pa_diametru-1-2x3-8","8":"pa_the-length-radiator-152","9":"pa_thread-type-inside","10":"pa_tip-furtun","12":"first","13":"instock","14":"shipping-taxable","15":"product-type-simple"},"_links":{"self":[{"href":"https:\/\/proterm.md\/ro\/wp-json\/wp\/v2\/product\/8704","targetHints":{"allow":["GET"]}}],"collection":[{"href":"https:\/\/proterm.md\/ro\/wp-json\/wp\/v2\/product"}],"about":[{"href":"https:\/\/proterm.md\/ro\/wp-json\/wp\/v2\/types\/product"}],"wp:featuredmedia":[{"embeddable":true,"href":"https:\/\/proterm.md\/ro\/wp-json\/wp\/v2\/media\/8705"}],"wp:attachment":[{"href":"https:\/\/proterm.md\/ro\/wp-json\/wp\/v2\/media?parent=8704"}],"wp:term":[{"taxonomy":"product_brand","embeddable":true,"href":"https:\/\/proterm.md\/ro\/wp-json\/wp\/v2\/product_brand?post=8704"},{"taxonomy":"product_cat","embeddable":true,"href":"https:\/\/proterm.md\/ro\/wp-json\/wp\/v2\/product_cat?post=8704"},{"taxonomy":"product_tag","embeddable":true,"href":"https:\/\/proterm.md\/ro\/wp-json\/wp\/v2\/product_tag?post=8704"}],"curies":[{"name":"wp","href":"https:\/\/api.w.org\/{rel}","templated":true}]}}