{"id":8727,"date":"2022-01-17T15:42:20","date_gmt":"2022-01-17T13:42:20","guid":{"rendered":"https:\/\/proterm.md\/?post_type=product&#038;p=8727"},"modified":"2025-05-30T14:06:47","modified_gmt":"2025-05-30T12:06:47","slug":"furtun-apa-dn8-grif-1-4-x-1-2f-50-cm","status":"publish","type":"product","link":"https:\/\/proterm.md\/ro\/product\/furtun-apa-dn8-grif-1-4-x-1-2f-50-cm\/","title":{"rendered":"Furtun apa DN8 grif 1\/4&#8243; x 1\/2&#8243;F 50 cm"},"content":{"rendered":"<p>Furtun \u00eempletit din o\u021bel inoxidabil AISI 304, fabricat \u00een Italia, cu parte interioar\u0103 din cauciuc EPDM, utilizat pentru conectarea instala\u021biilor sanitare la obiecte sanitare sau toalet\u0103. cisterne de sp\u0103lare. Toate furtunurile sunt produse pe ma\u0219ini automate, rezult\u00e2nd o precizie absolut\u0103 \u00een fiecare parte produs\u0103 pentru asigurarea total\u0103 a calit\u0103\u021bii.<\/p>","protected":false},"excerpt":{"rendered":"<p>Destina\u021bia &#8211; pentru baterie<br \/>\nLungimea: 50 cm<br \/>\nDiametrul racordului grif:\u00a0 M10x1 &#8211; 1\/4&#8243; MF<br \/>\nDN &#8211; 8<br \/>\n\u00cempletitur\u0103 furtunului: Anti Corrosion<br \/>\n\u021aar\u0103: Italia<br \/>\nProduc\u0103tor: Italia<\/p>\n","protected":false},"featured_media":8731,"template":"","meta":{"_joinchat":[]},"product_brand":[],"product_cat":[691],"product_tag":[689],"class_list":{"0":"post-8727","1":"product","2":"type-product","3":"status-publish","4":"has-post-thumbnail","6":"product_cat-sifoane-furtune-flexibile","7":"product_tag-flexitaly-brend","8":"pa_brand-flexitaly-logo","9":"pa_diametru-1-2x1-4","10":"pa_the-length-radiator-694","11":"pa_thread-type-combined","12":"pa_tip-furtun","14":"first","15":"instock","16":"shipping-taxable","17":"product-type-simple"},"_links":{"self":[{"href":"https:\/\/proterm.md\/ro\/wp-json\/wp\/v2\/product\/8727","targetHints":{"allow":["GET"]}}],"collection":[{"href":"https:\/\/proterm.md\/ro\/wp-json\/wp\/v2\/product"}],"about":[{"href":"https:\/\/proterm.md\/ro\/wp-json\/wp\/v2\/types\/product"}],"wp:featuredmedia":[{"embeddable":true,"href":"https:\/\/proterm.md\/ro\/wp-json\/wp\/v2\/media\/8731"}],"wp:attachment":[{"href":"https:\/\/proterm.md\/ro\/wp-json\/wp\/v2\/media?parent=8727"}],"wp:term":[{"taxonomy":"product_brand","embeddable":true,"href":"https:\/\/proterm.md\/ro\/wp-json\/wp\/v2\/product_brand?post=8727"},{"taxonomy":"product_cat","embeddable":true,"href":"https:\/\/proterm.md\/ro\/wp-json\/wp\/v2\/product_cat?post=8727"},{"taxonomy":"product_tag","embeddable":true,"href":"https:\/\/proterm.md\/ro\/wp-json\/wp\/v2\/product_tag?post=8727"}],"curies":[{"name":"wp","href":"https:\/\/api.w.org\/{rel}","templated":true}]}}