{"id":9573,"date":"2022-02-07T10:20:29","date_gmt":"2022-02-07T08:20:29","guid":{"rendered":"https:\/\/proterm.md\/?post_type=product&#038;p=9573"},"modified":"2025-05-30T14:06:33","modified_gmt":"2025-05-30T12:06:33","slug":"newatherm_triton_35kw","status":"publish","type":"product","link":"https:\/\/proterm.md\/ro\/product\/newatherm_triton_35kw\/","title":{"rendered":"Cazan Newatherm Triton 35Kw"},"content":{"rendered":"<div class=\"wpb-content-wrapper\"><p>[vc_row][vc_column][vc_column_text css_animation=&#8221;bounceIn&#8221; text_larger=&#8221;no&#8221;]<\/p>\n<div class=\"elementor-element elementor-element-396cade elementor-widget elementor-widget-image\" data-id=\"396cade\" data-element_type=\"widget\" data-widget_type=\"image.default\">\n<div class=\"elementor-widget-container\">\n<div class=\"elementor-image\"><img decoding=\"async\" class=\"attachment-large \" src=\"https:\/\/www.newatherm.com\/wp-content\/uploads\/2021\/03\/1.jpg\" alt=\"\" width=\"28\" height=\"28\" \/> Eficien\u021b\u0103 ridicat\u0103 de p\u00e2n\u0103 la 109%<\/div>\n<\/div>\n<\/div>\n<div class=\"elementor-element elementor-element-246f845 elementor-widget elementor-widget-image\" data-id=\"246f845\" data-element_type=\"widget\" data-widget_type=\"image.default\">\n<div class=\"elementor-widget-container\">\n<div class=\"elementor-image\"><img decoding=\"async\" class=\"attachment-large \" src=\"https:\/\/www.newatherm.com\/wp-content\/uploads\/2021\/03\/2-1.jpg\" alt=\"\" width=\"26\" height=\"26\" \/> Panou de control proiectat ergonomic si intuitiv<\/div>\n<\/div>\n<\/div>\n<div class=\"elementor-element elementor-element-da510f8 elementor-widget elementor-widget-image\" data-id=\"da510f8\" data-element_type=\"widget\" data-widget_type=\"image.default\">\n<div class=\"elementor-widget-container\">\n<div class=\"elementor-image\"><img decoding=\"async\" class=\"attachment-large \" src=\"https:\/\/www.newatherm.com\/wp-content\/uploads\/2021\/03\/3-1.jpg\" alt=\"\" width=\"26\" height=\"26\" \/> Func\u021bionare silen\u021bioas\u0103<\/div>\n<\/div>\n<\/div>\n<div class=\"elementor-element elementor-element-24f4b1f elementor-widget elementor-widget-image\" data-id=\"24f4b1f\" data-element_type=\"widget\" data-widget_type=\"image.default\">\n<div class=\"elementor-widget-container\">\n<div class=\"elementor-image\"><img decoding=\"async\" class=\"attachment-large \" src=\"https:\/\/www.newatherm.com\/wp-content\/uploads\/2021\/03\/4.jpg\" alt=\"\" width=\"26\" height=\"26\" \/> Posibilitate de conectare termostat de camer\u0103, senzor de temperatur\u0103 exterioara<\/div>\n<\/div>\n<\/div>\n<div class=\"elementor-element elementor-element-a886e72 elementor-widget elementor-widget-image\" data-id=\"a886e72\" data-element_type=\"widget\" data-widget_type=\"image.default\">\n<div class=\"elementor-widget-container\">\n<div class=\"elementor-image\"><img decoding=\"async\" class=\"attachment-large \" src=\"https:\/\/www.newatherm.com\/wp-content\/uploads\/2021\/03\/5.jpg\" alt=\"\" width=\"26\" height=\"26\" \/> \u00bc viteza de modula\u021bie<\/div>\n<\/div>\n<\/div>\n<div class=\"elementor-element elementor-element-b371139 elementor-widget elementor-widget-image\" data-id=\"b371139\" data-element_type=\"widget\" data-widget_type=\"image.default\">\n<div class=\"elementor-widget-container\">\n<div class=\"elementor-image\"><img decoding=\"async\" class=\"attachment-large \" src=\"https:\/\/www.newatherm.com\/wp-content\/uploads\/2021\/03\/6.jpg\" alt=\"\" width=\"26\" height=\"26\" \/> Op\u021biune putere 20-24-28-35-42-45 kW<\/div>\n<\/div>\n<\/div>\n<div class=\"elementor-element elementor-element-dac5379 elementor-widget elementor-widget-image\" data-id=\"dac5379\" data-element_type=\"widget\" data-widget_type=\"image.default\">\n<div class=\"elementor-widget-container\">\n<div class=\"elementor-image\"><img decoding=\"async\" class=\"attachment-large \" src=\"https:\/\/www.newatherm.com\/wp-content\/uploads\/2021\/03\/7.jpg\" alt=\"\" width=\"26\" height=\"26\" \/> Modularea ventilatorului regleaz\u0103 automat viteza ventilatorului \u00een func\u021bie de cerin\u021bele de temperatur\u0103 ale cazanului. Ofer\u0103 eficien\u021b\u0103 ridicat\u0103 \u0219i zgomot redus.<\/div>\n<\/div>\n<\/div>\n<div class=\"elementor-element elementor-element-58d396f elementor-widget elementor-widget-image\" data-id=\"58d396f\" data-element_type=\"widget\" data-widget_type=\"image.default\">\n<div class=\"elementor-widget-container\">\n<div class=\"elementor-image\"><img decoding=\"async\" class=\"attachment-large \" src=\"https:\/\/www.newatherm.com\/wp-content\/uploads\/2021\/03\/8.jpg\" alt=\"\" width=\"26\" height=\"26\" \/> Eficien\u021b\u0103 de ardere, emisii reduse de gaze de evacuare datorit\u0103 schimb\u0103torului de c\u0103ldur\u0103 \u0219i arz\u0103torului din o\u021bel inoxidabil<\/div>\n<\/div>\n<\/div>\n<div class=\"elementor-element elementor-element-8607c24 elementor-widget elementor-widget-image\" data-id=\"8607c24\" data-element_type=\"widget\" data-widget_type=\"image.default\">\n<div class=\"elementor-widget-container\">\n<div class=\"elementor-image\"><img decoding=\"async\" class=\"attachment-large \" src=\"https:\/\/www.newatherm.com\/wp-content\/uploads\/2021\/03\/9.jpg\" alt=\"\" width=\"26\" height=\"26\" \/> Sistem de bypass automat care protejeaz\u0103 instala\u021bia \u0219i cazanul<\/div>\n<\/div>\n<\/div>\n<div class=\"elementor-element elementor-element-3935224 elementor-widget elementor-widget-image\" data-id=\"3935224\" data-element_type=\"widget\" data-widget_type=\"image.default\">\n<div class=\"elementor-widget-container\">\n<div class=\"elementor-image\"><img decoding=\"async\" class=\"attachment-large \" src=\"https:\/\/www.newatherm.com\/wp-content\/uploads\/2021\/03\/10.jpg\" alt=\"\" width=\"26\" height=\"26\" \/> Protec\u021bie \u00eempotriva \u00eenghe\u021bului<\/div>\n<\/div>\n<\/div>\n<div class=\"elementor-element elementor-element-674c21c elementor-widget elementor-widget-image\" data-id=\"674c21c\" data-element_type=\"widget\" data-widget_type=\"image.default\">\n<div class=\"elementor-widget-container\">\n<div class=\"elementor-image\"><img decoding=\"async\" class=\"attachment-large \" src=\"https:\/\/www.newatherm.com\/wp-content\/uploads\/2021\/03\/11.jpg\" alt=\"\" width=\"26\" height=\"26\" \/> Design pentru u\u0219urin\u021b\u0103 \u00een service \u0219i \u00eentre\u021binere<\/div>\n<\/div>\n<\/div>\n<div class=\"elementor-element elementor-element-9e72f43 elementor-widget elementor-widget-image\" data-id=\"9e72f43\" data-element_type=\"widget\" data-widget_type=\"image.default\">\n<div class=\"elementor-widget-container\">\n<div class=\"elementor-image\"><img decoding=\"async\" class=\"attachment-large \" src=\"https:\/\/www.newatherm.com\/wp-content\/uploads\/2021\/03\/12.jpg\" alt=\"\" width=\"26\" height=\"26\" \/> Emisii sc\u0103zute de NOx \u0219i CO<\/div>\n<\/div>\n<\/div>\n<div class=\"elementor-element elementor-element-6396ed5 elementor-widget elementor-widget-image\" data-id=\"6396ed5\" data-element_type=\"widget\" data-widget_type=\"image.default\">\n<div class=\"elementor-widget-container\">\n<div class=\"elementor-image\"><img decoding=\"async\" class=\"attachment-large \" src=\"https:\/\/www.newatherm.com\/wp-content\/uploads\/2021\/03\/13.jpg\" alt=\"\" width=\"26\" height=\"26\" \/> Consum mai mic de energie datorit\u0103 pompei de circula\u021bie eficiente energetic<\/div>\n<\/div>\n<\/div>\n<p>[\/vc_column_text][\/vc_column][\/vc_row]<\/p>\n<\/div>","protected":false},"excerpt":{"rendered":"<p>Cazan in condens<br \/>\nClasificarea energetic\u0103 A.<br \/>\nPuterea termic\u0103 maxim\u0103 (50-30\u00b0C) Qn 35.21 kW<br \/>\nPutere termic\u0103 minim\u0103 (50-30\u00b0C) Qn 8.17 kW<br \/>\nPuterea termic\u0103 maxim\u0103 (80-60\u00b0C) Qn 32.34 kW<br \/>\nPutere termic\u0103 minim\u0103 (80-60\u00b0C) Qn 7.5 kW<br \/>\nEficien\u021b\u0103 la 30% putere 109%<br \/>\nConsum maxim de gaz 3.54 m\u00b3\/h<br \/>\nConsum minim de gaz 0,84 m\u00b3\/h<br \/>\nNivel de zgomot &#8211; 52 dB<br \/>\nDiametru cosului de fum &#8211; \u00d860\/100<br \/>\nGreutate &#8211; 40.3 kg<br \/>\nDimensiuni &#8211; 399\u0445717\u0445407<\/p>\n<p><a href=\"https:\/\/proterm.md\/wp-content\/uploads\/2022\/02\/newatherm-A4-brosur.pdf\" target=\"_blank\" rel=\"nofollow noopener\"><img decoding=\"async\" class=\"alignnone wp-image-7710 size-full\" src=\"https:\/\/proterm.md\/wp-content\/uploads\/2021\/02\/pdf.png\" alt=\"PDF download\" width=\"40\" height=\"40\" \/><\/a><a href=\"https:\/\/proterm.md\/wp-content\/uploads\/2022\/02\/newatherm-A4-brosur.pdf\" target=\"_blank\" rel=\"nofollow noopener\" data-wp-editing=\"1\">Catalog<\/a><br \/>\n<a href=\"https:\/\/proterm.md\/wp-content\/uploads\/2022\/02\/newatherm-A4-brosur.pdf\" target=\"_blank\" rel=\"nofollow noopener\"><img decoding=\"async\" class=\"alignnone wp-image-7710 size-full\" src=\"https:\/\/proterm.md\/wp-content\/uploads\/2021\/02\/pdf.png\" alt=\"PDF download\" width=\"40\" height=\"40\" \/><\/a><a href=\"https:\/\/proterm.md\/wp-content\/uploads\/2022\/11\/Triton-in-rusa.pdf\" target=\"_blank\" rel=\"nofollow noopener\" data-wp-editing=\"1\">Catalog 2<\/a><\/p>\n","protected":false},"featured_media":9567,"template":"","meta":{"_joinchat":[]},"product_brand":[],"product_cat":[702,53,15],"product_tag":[703],"class_list":{"0":"post-9573","1":"product","2":"type-product","3":"status-publish","4":"has-post-thumbnail","6":"product_cat-cazan_gaz_newatherm","7":"product_cat-cazane_gaz","8":"product_cat-instalatii_incalzire","9":"product_tag-newatherm_gas_boiler_brend","10":"pa_availability-for-pre-order-pre-order","11":"pa_brand-newatherm_gas_boiler_logo","12":"pa_classic-boiler-or-condensed-condesed","13":"pa_heating-surface-615","14":"pa_power-boiler-kw-249","16":"first","17":"instock","18":"shipping-taxable","19":"product-type-simple"},"_links":{"self":[{"href":"https:\/\/proterm.md\/ro\/wp-json\/wp\/v2\/product\/9573","targetHints":{"allow":["GET"]}}],"collection":[{"href":"https:\/\/proterm.md\/ro\/wp-json\/wp\/v2\/product"}],"about":[{"href":"https:\/\/proterm.md\/ro\/wp-json\/wp\/v2\/types\/product"}],"wp:featuredmedia":[{"embeddable":true,"href":"https:\/\/proterm.md\/ro\/wp-json\/wp\/v2\/media\/9567"}],"wp:attachment":[{"href":"https:\/\/proterm.md\/ro\/wp-json\/wp\/v2\/media?parent=9573"}],"wp:term":[{"taxonomy":"product_brand","embeddable":true,"href":"https:\/\/proterm.md\/ro\/wp-json\/wp\/v2\/product_brand?post=9573"},{"taxonomy":"product_cat","embeddable":true,"href":"https:\/\/proterm.md\/ro\/wp-json\/wp\/v2\/product_cat?post=9573"},{"taxonomy":"product_tag","embeddable":true,"href":"https:\/\/proterm.md\/ro\/wp-json\/wp\/v2\/product_tag?post=9573"}],"curies":[{"name":"wp","href":"https:\/\/api.w.org\/{rel}","templated":true}]}}