{"id":9617,"date":"2025-12-01T10:23:01","date_gmt":"2025-12-01T08:23:01","guid":{"rendered":"https:\/\/proterm.md\/?post_type=product&#038;p=9617"},"modified":"2026-03-16T10:51:44","modified_gmt":"2026-03-16T08:51:44","slug":"uscator-de-miini","status":"publish","type":"product","link":"https:\/\/proterm.md\/ro\/product\/uscator-de-miini\/","title":{"rendered":"Uscator de miini"},"content":{"rendered":"<p>Folosind cea mai recent\u0103 tehnologie de usc\u0103tor de m\u00e2ini f\u0103r\u0103 perii pentru o solu\u021bie inteligent\u0103, stilat\u0103 \u0219i economic\u0103 de uscare a m\u00e2inilor.Uscarea m\u00e2inilor \u00een 10 secunde \u0219i costuri de func\u021bionare mai pu\u021bin de 250 lei pe an cu elementul de \u00eenc\u0103lzire pornit sau mai pu\u021bin de 100 lei pe an cu elementul de \u00eenc\u0103lzire oprit.<\/p>","protected":false},"excerpt":{"rendered":"<p>Control electronic<br \/>\nNivel sonor \u2013 78 dB<br \/>\nNivel protec\u021bie \u2013 IP22<br \/>\nFiltru antibacterian<br \/>\nLED display<br \/>\nTensiune \u2013 220V<br \/>\nPutere \u2013 1400w<br \/>\nVolum aer \u2013 210 m3\/h<br \/>\nDimensiuni \u2013 735*371*330 mm.<br \/>\nGreutate \u2013 8,5 kg.<\/p>\n","protected":false},"featured_media":12644,"template":"","meta":{"_joinchat":[]},"product_brand":[],"product_cat":[706],"product_tag":[],"class_list":{"0":"post-9617","1":"product","2":"type-product","3":"status-publish","4":"has-post-thumbnail","6":"product_cat-uscator-pentru-miini","8":"first","9":"instock","10":"shipping-taxable","11":"product-type-simple"},"_links":{"self":[{"href":"https:\/\/proterm.md\/ro\/wp-json\/wp\/v2\/product\/9617","targetHints":{"allow":["GET"]}}],"collection":[{"href":"https:\/\/proterm.md\/ro\/wp-json\/wp\/v2\/product"}],"about":[{"href":"https:\/\/proterm.md\/ro\/wp-json\/wp\/v2\/types\/product"}],"wp:featuredmedia":[{"embeddable":true,"href":"https:\/\/proterm.md\/ro\/wp-json\/wp\/v2\/media\/12644"}],"wp:attachment":[{"href":"https:\/\/proterm.md\/ro\/wp-json\/wp\/v2\/media?parent=9617"}],"wp:term":[{"taxonomy":"product_brand","embeddable":true,"href":"https:\/\/proterm.md\/ro\/wp-json\/wp\/v2\/product_brand?post=9617"},{"taxonomy":"product_cat","embeddable":true,"href":"https:\/\/proterm.md\/ro\/wp-json\/wp\/v2\/product_cat?post=9617"},{"taxonomy":"product_tag","embeddable":true,"href":"https:\/\/proterm.md\/ro\/wp-json\/wp\/v2\/product_tag?post=9617"}],"curies":[{"name":"wp","href":"https:\/\/api.w.org\/{rel}","templated":true}]}}