{"id":9629,"date":"2022-02-09T15:36:38","date_gmt":"2022-02-09T13:36:38","guid":{"rendered":"https:\/\/proterm.md\/?post_type=product&#038;p=9629"},"modified":"2025-05-30T14:06:32","modified_gmt":"2025-05-30T12:06:32","slug":"filtru_osmoza","status":"publish","type":"product","link":"https:\/\/proterm.md\/ro\/product\/filtru_osmoza\/","title":{"rendered":"Filtru Osmoza"},"content":{"rendered":"<p>1 Sistemul Osmoza este conectat direct la conductele de ap\u0103. Apa fiart\u0103 nu este sigur\u0103, deoarece \u0219i dup\u0103 ce fierbe apa, substan\u021be nocive precum clorul, \u00een\u0103lbitor, plumb, mercur, bariu, arsenic, ferocianur\u0103 etc r\u0103m\u00e2n \u00een ap\u0103, apa se stric\u0103 \u0219i ingredientele de calitate ale apei precum: minerale, oxigen, greutatea este distrus\u0103.<br \/>\n2. Tehnologia Osmoza inversa distinge 99% apa pur\u0103 de ap\u0103, inclusiv fier, murd\u0103rie, germeni, bacterii d\u0103un\u0103toare, arsenic, viru\u0219i \u0219i sare.<br \/>\n3. S\u0103n\u0103tatea familiei tale este dependent\u0103 de ap\u0103,  osmoza inversa este mai important\u0103 dec\u00e2t televizorul scump, frigiderul \u0219i mobila din cas\u0103 care poate juca un rol deosebit \u00een \u00eengrijirea s\u0103n\u0103t\u0103\u021bii \u00eentregii familii.<br \/>\n4. Consumul de ap\u0103 contaminat\u0103 provoac\u0103 boli fatale, inclusiv tifoid\u0103, holer\u0103, icter, boli de rinichi. \u201eDeci, be\u021bi 99% ap\u0103 pur\u0103 din tehnologia Osmozei inverse, sta\u021bi liber de bolile purtate de ap\u0103\u201d.<\/p>","protected":false},"excerpt":{"rendered":"<p>Element de osmoz\u0103 invers\u0103: membran\u0103 (tehnologie SUA)<br \/>\nCantitatea de filtare &#8211; 92 -99%<br \/>\nEtape de filtrare &#8211; 5 scari<br \/>\nDebit de productie &#8211; 189L\/24ore (la 25\u00b0C)<br \/>\nFolosit de familie: 1-5 persoane<br \/>\nVolumul vasului &#8211; 12L<br \/>\nTemperatura de lucru &#8211; 5 &#8211; 45 \u00b0C<br \/>\nApa la intare in filtru TDS  &#8211;  <1000 ppm\nApa la iesire din filtru TDS  -  <10 - 50 ppm\nTDS -  \u00eenseamn\u0103 concentra\u021bia de particule sau solide dizolvate \u00een ap\u0103 , daca concentartia este mai mare de 300 se recomanda de instalat filtru Osmoza. \nTensiunea - AC220V - DC 24V\nManeta de reglare - manual, auto.\n<\/p>\n","protected":false},"featured_media":9630,"template":"","meta":{"_joinchat":[]},"product_brand":[],"product_cat":[707],"product_tag":[],"class_list":{"0":"post-9629","1":"product","2":"type-product","3":"status-publish","4":"has-post-thumbnail","6":"product_cat-filtre-osmoza-si-dedurizatoare","8":"first","9":"instock","10":"shipping-taxable","11":"product-type-simple"},"_links":{"self":[{"href":"https:\/\/proterm.md\/ro\/wp-json\/wp\/v2\/product\/9629","targetHints":{"allow":["GET"]}}],"collection":[{"href":"https:\/\/proterm.md\/ro\/wp-json\/wp\/v2\/product"}],"about":[{"href":"https:\/\/proterm.md\/ro\/wp-json\/wp\/v2\/types\/product"}],"wp:featuredmedia":[{"embeddable":true,"href":"https:\/\/proterm.md\/ro\/wp-json\/wp\/v2\/media\/9630"}],"wp:attachment":[{"href":"https:\/\/proterm.md\/ro\/wp-json\/wp\/v2\/media?parent=9629"}],"wp:term":[{"taxonomy":"product_brand","embeddable":true,"href":"https:\/\/proterm.md\/ro\/wp-json\/wp\/v2\/product_brand?post=9629"},{"taxonomy":"product_cat","embeddable":true,"href":"https:\/\/proterm.md\/ro\/wp-json\/wp\/v2\/product_cat?post=9629"},{"taxonomy":"product_tag","embeddable":true,"href":"https:\/\/proterm.md\/ro\/wp-json\/wp\/v2\/product_tag?post=9629"}],"curies":[{"name":"wp","href":"https:\/\/api.w.org\/{rel}","templated":true}]}}