{"id":9829,"date":"2022-02-16T14:31:13","date_gmt":"2022-02-16T12:31:13","guid":{"rendered":"https:\/\/proterm.md\/?post_type=product&#038;p=9829"},"modified":"2025-05-30T14:06:13","modified_gmt":"2025-05-30T12:06:13","slug":"rtl_drept_temperatura_danffos","status":"publish","type":"product","link":"https:\/\/proterm.md\/ro\/product\/rtl_drept_temperatura_danffos\/","title":{"rendered":"Limitator retur RTL 15 drept cu cap termostat"},"content":{"rendered":"<p>Limitatorul de temperatur\u0103 a apei de retur FJVR men\u021bine automat temperatura la nivelul setat<br \/>\nlichid de r\u0103cire dup\u0103 un radiator, convector sau circuit de circula\u021bie al unui sistem de \u00eenc\u0103lzire prin pardoseal\u0103.<br \/>\n\u00cen sistemele de ventila\u021bie, FJVR asigur\u0103 circula\u021bia minim\u0103 necesar\u0103 a apei prin \u00eenc\u0103lzitor.<br \/>\nSe aplic\u0103 \u00een dou\u0103 conducte pe sisteme de pin de \u00eenc\u0103lzire a apei.<br \/>\nFJVR este o supap\u0103 propor\u021bional\u0103 automat\u0103 (func\u021bie P). Are capacitatea de a limita<br \/>\nsau setarea bloc\u0103rii. Corpul supapei FJVR este realizat din alam\u0103 \u0219i placat la exterior<br \/>\nnichel.<\/p>","protected":false},"excerpt":{"rendered":"<p>Marca &#8211; Danfoss<br \/>\nProduc\u0103tor &#8211; Danemarca<br \/>\nTip &#8211; Limitator retur FJVR 15 drept<br \/>\nDiametru mm &#8211; 1\/2&#8243;<\/p>\n","protected":false},"featured_media":9831,"template":"","meta":{"_joinchat":[]},"product_brand":[],"product_cat":[112,72],"product_tag":[574],"class_list":{"0":"post-9829","1":"product","2":"type-product","3":"status-publish","4":"has-post-thumbnail","6":"product_cat-colectoare-distribuitoare","7":"product_cat-robineti_radiatoare","8":"product_tag-danfoss","9":"pa_brand-danfoss","11":"first","12":"instock","13":"shipping-taxable","14":"product-type-simple"},"_links":{"self":[{"href":"https:\/\/proterm.md\/ro\/wp-json\/wp\/v2\/product\/9829","targetHints":{"allow":["GET"]}}],"collection":[{"href":"https:\/\/proterm.md\/ro\/wp-json\/wp\/v2\/product"}],"about":[{"href":"https:\/\/proterm.md\/ro\/wp-json\/wp\/v2\/types\/product"}],"wp:featuredmedia":[{"embeddable":true,"href":"https:\/\/proterm.md\/ro\/wp-json\/wp\/v2\/media\/9831"}],"wp:attachment":[{"href":"https:\/\/proterm.md\/ro\/wp-json\/wp\/v2\/media?parent=9829"}],"wp:term":[{"taxonomy":"product_brand","embeddable":true,"href":"https:\/\/proterm.md\/ro\/wp-json\/wp\/v2\/product_brand?post=9829"},{"taxonomy":"product_cat","embeddable":true,"href":"https:\/\/proterm.md\/ro\/wp-json\/wp\/v2\/product_cat?post=9829"},{"taxonomy":"product_tag","embeddable":true,"href":"https:\/\/proterm.md\/ro\/wp-json\/wp\/v2\/product_tag?post=9829"}],"curies":[{"name":"wp","href":"https:\/\/api.w.org\/{rel}","templated":true}]}}