{"id":9840,"date":"2022-02-18T09:00:48","date_gmt":"2022-02-18T07:00:48","guid":{"rendered":"https:\/\/proterm.md\/?post_type=product&#038;p=9840"},"modified":"2025-05-30T14:06:13","modified_gmt":"2025-05-30T12:06:13","slug":"robinet_uscator_prosoape_nichelat","status":"publish","type":"product","link":"https:\/\/proterm.md\/ro\/product\/robinet_uscator_prosoape_nichelat\/","title":{"rendered":"Robinet uscatoare prosoape coltar 3\/4F -1\/2M"},"content":{"rendered":"<p>Supapa este utilizat\u0103 la instalarea \u0219i conectarea suporturilor de prosoape \u00eenc\u0103lzite la sistemul de alimentare cu ap\u0103 cald\u0103. Supapa este un robinet obi\u0219nuit, cu ajutorul c\u0103ruia pute\u021bi \u00eenchide oric\u00e2nd alimentarea cu ap\u0103 sau pute\u021bi regla temperatura acestuia la nivelul dorit. Avantaje: &#8211; usor de conectat cu racorduri filetate &#8211; nu reduce debitul.<\/p>","protected":false},"excerpt":{"rendered":"<p>Robinet coltar<br \/>\nMaterial &#8211; alama cromata<br \/>\nPaleta de culori &#8211; gri\/argintiu<br \/>\nDiametrul de intrare &#8211; 3\/4&#8243; F<br \/>\nDiametru de evacuare &#8211; 1\/2&#8243; M<\/p>\n","protected":false},"featured_media":9841,"template":"","meta":{"_joinchat":[]},"product_brand":[],"product_cat":[72],"product_tag":[],"class_list":{"0":"post-9840","1":"product","2":"type-product","3":"status-publish","4":"has-post-thumbnail","6":"product_cat-robineti_radiatoare","8":"first","9":"instock","10":"shipping-taxable","11":"product-type-simple"},"_links":{"self":[{"href":"https:\/\/proterm.md\/ro\/wp-json\/wp\/v2\/product\/9840","targetHints":{"allow":["GET"]}}],"collection":[{"href":"https:\/\/proterm.md\/ro\/wp-json\/wp\/v2\/product"}],"about":[{"href":"https:\/\/proterm.md\/ro\/wp-json\/wp\/v2\/types\/product"}],"wp:featuredmedia":[{"embeddable":true,"href":"https:\/\/proterm.md\/ro\/wp-json\/wp\/v2\/media\/9841"}],"wp:attachment":[{"href":"https:\/\/proterm.md\/ro\/wp-json\/wp\/v2\/media?parent=9840"}],"wp:term":[{"taxonomy":"product_brand","embeddable":true,"href":"https:\/\/proterm.md\/ro\/wp-json\/wp\/v2\/product_brand?post=9840"},{"taxonomy":"product_cat","embeddable":true,"href":"https:\/\/proterm.md\/ro\/wp-json\/wp\/v2\/product_cat?post=9840"},{"taxonomy":"product_tag","embeddable":true,"href":"https:\/\/proterm.md\/ro\/wp-json\/wp\/v2\/product_tag?post=9840"}],"curies":[{"name":"wp","href":"https:\/\/api.w.org\/{rel}","templated":true}]}}