{"id":9992,"date":"2022-03-01T09:07:53","date_gmt":"2022-03-01T07:07:53","guid":{"rendered":"https:\/\/proterm.md\/?post_type=product&#038;p=9992"},"modified":"2025-05-30T14:06:12","modified_gmt":"2025-05-30T12:06:12","slug":"lavuar_picior_rosa","status":"publish","type":"product","link":"https:\/\/proterm.md\/ro\/product\/lavuar_picior_rosa\/","title":{"rendered":"Lavuar cu picior Rosa alb"},"content":{"rendered":"<p>Lavoar Standard poate fi instalat pe un piedestal sau console.<br \/>\nDac\u0103 inten\u021biona\u021bi s\u0103 instala\u021bi chiuveta \u00eempreun\u0103 cu piedestalul, atunci trebuie s\u0103 face\u021bi acest lucru \u00een acela\u0219i timp pentru a rezista \u00een mod corespunz\u0103tor la toate distan\u021bele.<\/p>","protected":false},"excerpt":{"rendered":"<p>Producator &#8211; Rosa<br \/>\nNum\u0103r articol &#8211; Standard pentru lavoar<br \/>\nSectiunea catalog &#8211; Chiuvete<br \/>\nTip &#8211; Chiuvete \u0219i picior<br \/>\nDimensiune &#8211; Chiuvete standard<br \/>\nInstalare &#8211; Lavoare montate pe perete<br \/>\nForma cochiliei &#8211; Cochilie semicircular\u0103<br \/>\nMaterial &#8211; Chiuvete ceramice<br \/>\nPozi\u021bia orificiului robinetului &#8211; centrat\u0103<br \/>\nNum\u0103rul de g\u0103uri de robinet &#8211; 1<br \/>\nOrificiu de preaplin &#8211; absent<\/p>\n","protected":false},"featured_media":9993,"template":"","meta":{"_joinchat":[]},"product_brand":[],"product_cat":[715],"product_tag":[718],"class_list":{"0":"post-9992","1":"product","2":"type-product","3":"status-publish","4":"has-post-thumbnail","6":"product_cat-wc","7":"product_tag-rosa_brend","8":"pa_brand-rosa_logo","9":"pa_tip-lavuar","11":"first","12":"instock","13":"shipping-taxable","14":"product-type-simple"},"_links":{"self":[{"href":"https:\/\/proterm.md\/ro\/wp-json\/wp\/v2\/product\/9992","targetHints":{"allow":["GET"]}}],"collection":[{"href":"https:\/\/proterm.md\/ro\/wp-json\/wp\/v2\/product"}],"about":[{"href":"https:\/\/proterm.md\/ro\/wp-json\/wp\/v2\/types\/product"}],"wp:featuredmedia":[{"embeddable":true,"href":"https:\/\/proterm.md\/ro\/wp-json\/wp\/v2\/media\/9993"}],"wp:attachment":[{"href":"https:\/\/proterm.md\/ro\/wp-json\/wp\/v2\/media?parent=9992"}],"wp:term":[{"taxonomy":"product_brand","embeddable":true,"href":"https:\/\/proterm.md\/ro\/wp-json\/wp\/v2\/product_brand?post=9992"},{"taxonomy":"product_cat","embeddable":true,"href":"https:\/\/proterm.md\/ro\/wp-json\/wp\/v2\/product_cat?post=9992"},{"taxonomy":"product_tag","embeddable":true,"href":"https:\/\/proterm.md\/ro\/wp-json\/wp\/v2\/product_tag?post=9992"}],"curies":[{"name":"wp","href":"https:\/\/api.w.org\/{rel}","templated":true}]}}