{"id":14082,"date":"2023-09-04T16:06:06","date_gmt":"2023-09-04T14:06:06","guid":{"rendered":"https:\/\/proterm.md\/?post_type=product&#038;p=14082"},"modified":"2025-05-30T14:03:46","modified_gmt":"2025-05-30T12:03:46","slug":"baterie_lavoar_frap-f1028-b","status":"publish","type":"product","link":"https:\/\/proterm.md\/ru\/product\/baterie_lavoar_frap-f1028-b\/","title":{"rendered":"Baterie Frap F1028-B"},"content":{"rendered":"<p>Produsele companiei Frap se remarc\u0103 \u00eentotdeauna prin designul actual al \u00eentregii linii de produse sanitare, calitatea lor impecabil\u0103, tehnologia avansat\u0103 \u0219i rezisten\u021ba ridicat\u0103 la uzur\u0103. Frap Holding este mereu \u00een c\u0103utare de idei noi, introduc\u00e2nd tehnologii inovatoare \u00een industria sa, f\u0103c\u00e2ndu-l unul dintre cele mai avansate m\u0103rci de pe pia\u021ba articolelor sanitare.<\/p>\n","protected":false},"excerpt":{"rendered":"<p>Articol: F1028-B<br \/>\nScop: Pentru lavoar<br \/>\nStil: Modern<br \/>\nCuloare: Crom<br \/>\n\u00cen\u0103l\u021bimea gurii: joas\u0103<br \/>\nFunctie gura: stationar<br \/>\nMetoda de montare: un singur orificiu, montat cu \u0219tifturi<br \/>\nTip de conectare: furtun flexibil<br \/>\nTip cartus: ceramica 40 mm<br \/>\nSistem de montare rapid\u0103: da<br \/>\nDimensiune racordare: 1\/2<br \/>\nCaracteristici: Cu aerator<br \/>\nMaterial: Siluminiu<br \/>\n\u021aara producatoare: China<br \/>\nProducator: Frap<\/p>\n","protected":false},"featured_media":14083,"template":"","meta":{"_joinchat":[]},"product_brand":[],"product_cat":[118],"product_tag":[2219],"class_list":{"0":"post-14082","1":"product","2":"type-product","3":"status-publish","4":"has-post-thumbnail","6":"product_cat-robineti-lavuar-si-bideu","7":"product_tag-frap","9":"first","10":"instock","11":"shipping-taxable","12":"product-type-simple"},"_links":{"self":[{"href":"https:\/\/proterm.md\/ru\/wp-json\/wp\/v2\/product\/14082","targetHints":{"allow":["GET"]}}],"collection":[{"href":"https:\/\/proterm.md\/ru\/wp-json\/wp\/v2\/product"}],"about":[{"href":"https:\/\/proterm.md\/ru\/wp-json\/wp\/v2\/types\/product"}],"wp:featuredmedia":[{"embeddable":true,"href":"https:\/\/proterm.md\/ru\/wp-json\/wp\/v2\/media\/14083"}],"wp:attachment":[{"href":"https:\/\/proterm.md\/ru\/wp-json\/wp\/v2\/media?parent=14082"}],"wp:term":[{"taxonomy":"product_brand","embeddable":true,"href":"https:\/\/proterm.md\/ru\/wp-json\/wp\/v2\/product_brand?post=14082"},{"taxonomy":"product_cat","embeddable":true,"href":"https:\/\/proterm.md\/ru\/wp-json\/wp\/v2\/product_cat?post=14082"},{"taxonomy":"product_tag","embeddable":true,"href":"https:\/\/proterm.md\/ru\/wp-json\/wp\/v2\/product_tag?post=14082"}],"curies":[{"name":"wp","href":"https:\/\/api.w.org\/{rel}","templated":true}]}}